{"id":7822,"date":"2024-07-03T11:13:23","date_gmt":"2024-07-03T09:13:23","guid":{"rendered":"https:\/\/motokid.com\/?post_type=product&#038;p=7822"},"modified":"2026-05-07T10:03:25","modified_gmt":"2026-05-07T08:03:25","slug":"motokid-16-rowerek-biegowy-elektryczny","status":"publish","type":"product","link":"https:\/\/motokid.com\/pl\/produkt\/motokid-16-rowerek-biegowy-elektryczny\/","title":{"rendered":"Motokid 16\u2033 &#8211; rowerek biegowy elektryczny"},"content":{"rendered":"[vc_row type=&#8221;in_container&#8221; full_screen_row_position=&#8221;middle&#8221; column_margin=&#8221;default&#8221; equal_height=&#8221;yes&#8221; content_placement=&#8221;middle&#8221; column_direction=&#8221;default&#8221; column_direction_tablet=&#8221;default&#8221; column_direction_phone=&#8221;default&#8221; scene_position=&#8221;center&#8221; bottom_padding=&#8221;2%&#8221; text_color=&#8221;dark&#8221; text_align=&#8221;left&#8221; row_border_radius=&#8221;none&#8221; row_border_radius_applies=&#8221;bg&#8221; overflow=&#8221;visible&#8221; overlay_strength=&#8221;0.3&#8243; gradient_direction=&#8221;left_to_right&#8221; shape_divider_position=&#8221;bottom&#8221; bg_image_animation=&#8221;none&#8221; gradient_type=&#8221;default&#8221; shape_type=&#8221;&#8221;][vc_column column_padding=&#8221;no-extra-padding&#8221; column_padding_tablet=&#8221;inherit&#8221; column_padding_phone=&#8221;inherit&#8221; column_padding_position=&#8221;all&#8221; column_element_direction_desktop=&#8221;default&#8221; column_element_spacing=&#8221;default&#8221; desktop_text_alignment=&#8221;default&#8221; tablet_text_alignment=&#8221;default&#8221; phone_text_alignment=&#8221;default&#8221; background_color_opacity=&#8221;1&#8243; background_hover_color_opacity=&#8221;1&#8243; column_backdrop_filter=&#8221;none&#8221; column_shadow=&#8221;none&#8221; column_border_radius=&#8221;none&#8221; column_link_target=&#8221;_self&#8221; column_position=&#8221;default&#8221; gradient_direction=&#8221;left_to_right&#8221; overlay_strength=&#8221;0.3&#8243; width=&#8221;2\/5&#8243; tablet_width_inherit=&#8221;default&#8221; animation_type=&#8221;default&#8221; bg_image_animation=&#8221;none&#8221; border_type=&#8221;simple&#8221; column_border_width=&#8221;none&#8221; column_border_style=&#8221;solid&#8221;][nectar_cascading_images image_1_url=&#8221;8121&#8243; image_1_offset_x_sign=&#8221;+&#8221; image_1_offset_x=&#8221;0%&#8221; image_1_offset_y_sign=&#8221;+&#8221; image_1_offset_y=&#8221;0%&#8221; image_1_rotate_sign=&#8221;+&#8221; image_1_rotate=&#8221;none&#8221; image_1_scale=&#8221;1&#8243; image_1_animation=&#8221;Fade In&#8221; image_1_padding=&#8221;auto&#8221; image_1_box_shadow=&#8221;none&#8221; image_1_max_width_desktop=&#8221;100%&#8221; image_1_max_width_mobile=&#8221;100%&#8221; image_1_image_width_mobile=&#8221;default&#8221; image_2_offset_x_sign=&#8221;+&#8221; image_2_offset_x=&#8221;0%&#8221; image_2_offset_y_sign=&#8221;+&#8221; image_2_offset_y=&#8221;0%&#8221; image_2_rotate_sign=&#8221;+&#8221; image_2_rotate=&#8221;none&#8221; image_2_scale=&#8221;1&#8243; image_2_animation=&#8221;Fade In&#8221; image_2_padding=&#8221;auto&#8221; image_2_box_shadow=&#8221;none&#8221; image_2_max_width_desktop=&#8221;100%&#8221; image_2_max_width_mobile=&#8221;100%&#8221; image_2_image_width_mobile=&#8221;default&#8221; image_3_offset_x_sign=&#8221;+&#8221; image_3_offset_x=&#8221;0%&#8221; image_3_offset_y_sign=&#8221;+&#8221; image_3_offset_y=&#8221;0%&#8221; image_3_rotate_sign=&#8221;+&#8221; image_3_rotate=&#8221;none&#8221; image_3_scale=&#8221;1&#8243; image_3_animation=&#8221;Fade In&#8221; image_3_padding=&#8221;auto&#8221; image_3_box_shadow=&#8221;none&#8221; image_3_max_width_desktop=&#8221;100%&#8221; image_3_max_width_mobile=&#8221;100%&#8221; image_3_image_width_mobile=&#8221;default&#8221; image_4_offset_x_sign=&#8221;+&#8221; image_4_offset_x=&#8221;0%&#8221; image_4_offset_y_sign=&#8221;+&#8221; image_4_offset_y=&#8221;0%&#8221; image_4_rotate_sign=&#8221;+&#8221; image_4_rotate=&#8221;none&#8221; image_4_scale=&#8221;1&#8243; image_4_animation=&#8221;Fade In&#8221; image_4_padding=&#8221;auto&#8221; image_4_box_shadow=&#8221;none&#8221; image_4_max_width_desktop=&#8221;100%&#8221; image_4_max_width_mobile=&#8221;100%&#8221; image_4_image_width_mobile=&#8221;default&#8221; element_sizing=&#8221;default&#8221; image_loading=&#8221;default&#8221; border_radius=&#8221;none&#8221; overflow=&#8221;visible&#8221;][\/vc_column][vc_column column_padding=&#8221;no-extra-padding&#8221; column_padding_tablet=&#8221;inherit&#8221; column_padding_phone=&#8221;inherit&#8221; column_padding_position=&#8221;all&#8221; column_element_direction_desktop=&#8221;default&#8221; column_element_spacing=&#8221;default&#8221; desktop_text_alignment=&#8221;default&#8221; tablet_text_alignment=&#8221;default&#8221; phone_text_alignment=&#8221;default&#8221; background_color_opacity=&#8221;1&#8243; background_hover_color_opacity=&#8221;1&#8243; column_backdrop_filter=&#8221;none&#8221; column_shadow=&#8221;none&#8221; column_border_radius=&#8221;none&#8221; column_link_target=&#8221;_self&#8221; column_position=&#8221;default&#8221; gradient_direction=&#8221;left_to_right&#8221; overlay_strength=&#8221;0.3&#8243; width=&#8221;3\/5&#8243; tablet_width_inherit=&#8221;default&#8221; animation_type=&#8221;default&#8221; bg_image_animation=&#8221;none&#8221; border_type=&#8221;simple&#8221; column_border_width=&#8221;none&#8221; column_border_style=&#8221;solid&#8221;][split_line_heading animation_type=&#8221;line-reveal-by-space&#8221; font_style=&#8221;h2&#8243; line_reveal_by_space_text_effect=&#8221;none&#8221; content_alignment=&#8221;default&#8221; mobile_content_alignment=&#8221;inherit&#8221; link_target=&#8221;_self&#8221; text_content=&#8221;Elektryczny rowerek biegowy Motokid 16&#8222;&#8221;][\/split_line_heading][vc_column_text]Motokid 16&#8243; to nowoczesny rowerek biegowy z nap\u0119dem elektrycznym, stworzony z my\u015bl\u0105 o dzieciach w wieku od 5 lat. Jego solidna, a jednocze\u015bnie lekka konstrukcja wykonana z wysokiej jako\u015bci materia\u0142\u00f3w zapewnia doskona\u0142\u0105 stabilno\u015b\u0107 i wytrzyma\u0142o\u015b\u0107, niezb\u0119dn\u0105 podczas intensywnej jazdy. Wyposa\u017cony w mocny nap\u0119d elektryczny, Motokid 16&#8243; umo\u017cliwia regulacj\u0119 pr\u0119dko\u015bci, co pozwala na dostosowanie tempa jazdy do umiej\u0119tno\u015bci i pewno\u015bci siebie m\u0142odego rowerzysty.<\/p>\n<p>Ten model posiada zaawansowane systemy hamowania, kt\u00f3re gwarantuj\u0105 szybkie i bezpieczne zatrzymanie rowerka, nawet na bardziej wymagaj\u0105cych trasach. Rowerek zosta\u0142 ponadto wyposa\u017cony w przedni widelec amortyzowany z regulacj\u0105. Atrakcyjny design i nowoczesna kolorystyka czyni\u0105 Motokid 16&#8243; ulubionym towarzyszem dzieci podczas zabaw na \u015bwie\u017cym powietrzu.<\/p>\n<p>Motokid 16&#8243; to r\u00f3wnie\u017c \u0142atwo\u015b\u0107 u\u017cytkowania i konserwacji \u2013 dzi\u0119ki szybkiemu systemowi \u0142adowania baterii, rowerek jest zawsze gotowy do kolejnych przyg\u00f3d. Niezale\u017cnie od tego, czy Twoje dziecko pokonuje miejskie \u015bcie\u017cki, czy odkrywa le\u015bne trasy, Motokid 16&#8243; zapewni mu bezpieczn\u0105, komfortow\u0105 i pe\u0142n\u0105 rado\u015bci jazd\u0119.[\/vc_column_text][\/vc_column][\/vc_row][vc_row type=&#8221;in_container&#8221; full_screen_row_position=&#8221;middle&#8221; column_margin=&#8221;default&#8221; equal_height=&#8221;yes&#8221; content_placement=&#8221;middle&#8221; column_direction=&#8221;default&#8221; column_direction_tablet=&#8221;default&#8221; column_direction_phone=&#8221;default&#8221; scene_position=&#8221;center&#8221; bottom_padding=&#8221;3%&#8221; text_color=&#8221;dark&#8221; text_align=&#8221;left&#8221; row_border_radius=&#8221;none&#8221; row_border_radius_applies=&#8221;bg&#8221; overflow=&#8221;visible&#8221; overlay_strength=&#8221;0.3&#8243; gradient_direction=&#8221;left_to_right&#8221; shape_divider_position=&#8221;bottom&#8221; bg_image_animation=&#8221;none&#8221; gradient_type=&#8221;default&#8221; shape_type=&#8221;&#8221;][vc_column column_padding=&#8221;no-extra-padding&#8221; column_padding_tablet=&#8221;inherit&#8221; column_padding_phone=&#8221;inherit&#8221; column_padding_position=&#8221;all&#8221; column_element_direction_desktop=&#8221;default&#8221; column_element_spacing=&#8221;default&#8221; desktop_text_alignment=&#8221;default&#8221; tablet_text_alignment=&#8221;default&#8221; phone_text_alignment=&#8221;default&#8221; background_color_opacity=&#8221;1&#8243; background_hover_color_opacity=&#8221;1&#8243; column_backdrop_filter=&#8221;none&#8221; column_shadow=&#8221;none&#8221; column_border_radius=&#8221;none&#8221; column_link_target=&#8221;_self&#8221; column_position=&#8221;default&#8221; gradient_direction=&#8221;left_to_right&#8221; overlay_strength=&#8221;0.3&#8243; width=&#8221;1\/2&#8243; tablet_width_inherit=&#8221;default&#8221; animation_type=&#8221;default&#8221; bg_image_animation=&#8221;none&#8221; border_type=&#8221;simple&#8221; column_border_width=&#8221;none&#8221; column_border_style=&#8221;solid&#8221;][split_line_heading animation_type=&#8221;line-reveal-by-space&#8221; font_style=&#8221;h2&#8243; line_reveal_by_space_text_effect=&#8221;none&#8221; content_alignment=&#8221;default&#8221; mobile_content_alignment=&#8221;inherit&#8221; link_target=&#8221;_self&#8221; text_content=&#8221;Dlaczego warto wybra\u0107 Motokid 16&#8222;?&#8221;][\/split_line_heading][vc_column_text]<strong>Zaawansowana technologia:<\/strong><\/p>\n<ul>\n<li><strong>Silnik bezszczotkowy 250W, <b data-stringify-type=\"bold\">umieszczony w pia\u015bcie tylnego ko\u0142a<\/b><\/strong>: Silnik o du\u017cej mocy i cichej pracy zapewnia p\u0142ynne przyspieszanie oraz wysok\u0105 wydajno\u015b\u0107. Regulowana pr\u0119dko\u015b\u0107 pozwala dostosowa\u0107 rowerek do umiej\u0119tno\u015bci dziecka.<\/li>\n<\/ul>\n<p><strong>Niezawodna bateria:<\/strong><\/p>\n<ul>\n<li><strong>Wytrzyma\u0142a bateria 24V 5.2AH<\/strong>: Zapewnia wiele godzin nieprzerwanej zabawy. Dzi\u0119ki systemowi szybkiego \u0142adowania, bateria jest w pe\u0142ni na\u0142adowana w oko\u0142o 2 godziny i zapewnia 2-4 godzin zabawy (w zale\u017cno\u015bci od pr\u0119dko\u015bci, wagi u\u017cytkownika, nawierzchni i temperatury).<\/li>\n<\/ul>\n[\/vc_column_text][\/vc_column][vc_column column_padding=&#8221;no-extra-padding&#8221; column_padding_tablet=&#8221;inherit&#8221; column_padding_phone=&#8221;inherit&#8221; column_padding_position=&#8221;all&#8221; column_element_direction_desktop=&#8221;default&#8221; column_element_spacing=&#8221;default&#8221; desktop_text_alignment=&#8221;default&#8221; tablet_text_alignment=&#8221;default&#8221; phone_text_alignment=&#8221;default&#8221; background_color_opacity=&#8221;1&#8243; background_hover_color_opacity=&#8221;1&#8243; column_backdrop_filter=&#8221;none&#8221; column_shadow=&#8221;none&#8221; column_border_radius=&#8221;none&#8221; column_link_target=&#8221;_self&#8221; column_position=&#8221;default&#8221; gradient_direction=&#8221;left_to_right&#8221; overlay_strength=&#8221;0.3&#8243; width=&#8221;1\/2&#8243; tablet_width_inherit=&#8221;default&#8221; animation_type=&#8221;default&#8221; bg_image_animation=&#8221;none&#8221; border_type=&#8221;simple&#8221; column_border_width=&#8221;none&#8221; column_border_style=&#8221;solid&#8221;][image_with_animation image_url=&#8221;8091&#8243; image_size=&#8221;full&#8221; animation_type=&#8221;entrance&#8221; animation=&#8221;None&#8221; animation_movement_type=&#8221;transform_y&#8221; hover_animation=&#8221;none&#8221; alignment=&#8221;&#8221; border_radius=&#8221;none&#8221; box_shadow=&#8221;none&#8221; image_loading=&#8221;default&#8221; max_width=&#8221;100%&#8221; max_width_mobile=&#8221;default&#8221;][\/vc_column][\/vc_row][vc_row type=&#8221;in_container&#8221; full_screen_row_position=&#8221;middle&#8221; column_margin=&#8221;default&#8221; equal_height=&#8221;yes&#8221; content_placement=&#8221;middle&#8221; column_direction=&#8221;default&#8221; column_direction_tablet=&#8221;default&#8221; column_direction_phone=&#8221;default&#8221; scene_position=&#8221;center&#8221; text_color=&#8221;dark&#8221; text_align=&#8221;left&#8221; row_border_radius=&#8221;none&#8221; row_border_radius_applies=&#8221;bg&#8221; overflow=&#8221;visible&#8221; overlay_strength=&#8221;0.3&#8243; gradient_direction=&#8221;left_to_right&#8221; shape_divider_position=&#8221;bottom&#8221; bg_image_animation=&#8221;none&#8221; gradient_type=&#8221;default&#8221; shape_type=&#8221;&#8221;][vc_column column_padding=&#8221;no-extra-padding&#8221; column_padding_tablet=&#8221;inherit&#8221; column_padding_phone=&#8221;inherit&#8221; column_padding_position=&#8221;all&#8221; column_element_direction_desktop=&#8221;default&#8221; column_element_spacing=&#8221;default&#8221; desktop_text_alignment=&#8221;default&#8221; tablet_text_alignment=&#8221;default&#8221; phone_text_alignment=&#8221;default&#8221; background_color_opacity=&#8221;1&#8243; background_hover_color_opacity=&#8221;1&#8243; column_backdrop_filter=&#8221;none&#8221; column_shadow=&#8221;none&#8221; column_border_radius=&#8221;none&#8221; column_link_target=&#8221;_self&#8221; column_position=&#8221;default&#8221; gradient_direction=&#8221;left_to_right&#8221; overlay_strength=&#8221;0.3&#8243; width=&#8221;1\/2&#8243; tablet_width_inherit=&#8221;default&#8221; animation_type=&#8221;default&#8221; bg_image_animation=&#8221;none&#8221; border_type=&#8221;simple&#8221; column_border_width=&#8221;none&#8221; column_border_style=&#8221;solid&#8221;][image_with_animation image_url=&#8221;8093&#8243; image_size=&#8221;full&#8221; animation_type=&#8221;entrance&#8221; animation=&#8221;None&#8221; animation_movement_type=&#8221;transform_y&#8221; hover_animation=&#8221;none&#8221; alignment=&#8221;&#8221; border_radius=&#8221;none&#8221; box_shadow=&#8221;none&#8221; image_loading=&#8221;default&#8221; max_width=&#8221;100%&#8221; max_width_mobile=&#8221;default&#8221;][\/vc_column][vc_column column_padding=&#8221;no-extra-padding&#8221; column_padding_tablet=&#8221;inherit&#8221; column_padding_phone=&#8221;inherit&#8221; column_padding_position=&#8221;all&#8221; column_element_direction_desktop=&#8221;default&#8221; column_element_spacing=&#8221;default&#8221; desktop_text_alignment=&#8221;default&#8221; tablet_text_alignment=&#8221;default&#8221; phone_text_alignment=&#8221;default&#8221; background_color_opacity=&#8221;1&#8243; background_hover_color_opacity=&#8221;1&#8243; column_backdrop_filter=&#8221;none&#8221; column_shadow=&#8221;none&#8221; column_border_radius=&#8221;none&#8221; column_link_target=&#8221;_self&#8221; column_position=&#8221;default&#8221; gradient_direction=&#8221;left_to_right&#8221; overlay_strength=&#8221;0.3&#8243; width=&#8221;1\/2&#8243; tablet_width_inherit=&#8221;default&#8221; animation_type=&#8221;default&#8221; bg_image_animation=&#8221;none&#8221; border_type=&#8221;simple&#8221; column_border_width=&#8221;none&#8221; column_border_style=&#8221;solid&#8221;][split_line_heading animation_type=&#8221;line-reveal-by-space&#8221; font_style=&#8221;h2&#8243; line_reveal_by_space_text_effect=&#8221;none&#8221; content_alignment=&#8221;default&#8221; mobile_content_alignment=&#8221;inherit&#8221; link_target=&#8221;_self&#8221; text_content=&#8221;Bezpiecze\u0144stwo i komfort&#8221;][\/split_line_heading][vc_column_text]<strong>Najwy\u017csze bezpiecze\u0144stwo:<\/strong><\/p>\n<ul>\n<li><b data-stringify-type=\"bold\">Tylny hamulec tarczowy <\/b><strong>z automatycznym odci\u0119ciem zasilania oraz<\/strong> <b data-stringify-type=\"bold\">dodatkowy przedni hamulec tarczowy<\/b>: Gwarantuj\u0105 szybkie zatrzymanie, zapewniaj\u0105c bezpiecze\u0144stwo dziecka w ka\u017cdej sytuacji. Bezpiecze\u0144stwo jest naszym priorytetem!<\/li>\n<\/ul>\n<p><strong>Niesamowity komfort:<\/strong><\/p>\n<ul>\n<li><b data-stringify-type=\"bold\">Przedni widelec amortyzowany z regulacj\u0105<\/b>: Zapewnia komfortow\u0105 jazd\u0119 po ka\u017cdym rodzaju nawierzchni.<\/li>\n<li><b data-stringify-type=\"bold\">Dwa rodzaje peg\u00f3w w zestawie<\/b>: Plastikowe &#8211; dla pocz\u0105tkuj\u0105cych oraz Metalowe, sk\u0142adane &#8211; dla zaawansowanych.<\/li>\n<\/ul>\n<p><strong>Ekologiczne rozwi\u0105zanie:<\/strong><\/p>\n<ul>\n<li><b data-stringify-type=\"bold\"><strong>Przyjazny dla \u015brodowiska: <\/strong><\/b>Elektryczny nap\u0119d zmniejsza emisj\u0119 spalin i ha\u0142as, przyczyniaj\u0105c si\u0119 do ochrony \u015brodowiska. Wybieraj\u0105c Motokid 16\u2033, uczysz swoje dziecko dba\u0142o\u015bci o nasz\u0105 planet\u0119.<\/li>\n<\/ul>\n[\/vc_column_text][\/vc_column][\/vc_row]\n","protected":false},"excerpt":{"rendered":"<p><strong>Najni\u017csza cena z 30 dni przed obni\u017ck\u0105: 29<span class=\"woocommerce-Price-amount amount\"><bdi>99,00 <span class=\"woocommerce-Price-currencySymbol\">z\u0142<\/span><\/bdi><\/span><\/strong><\/p>\n<p>Motokid 16&#8243; to zaawansowany rowerek biegowy z nap\u0119dem elektrycznym, przeznaczony dla starszych dzieci, kt\u00f3re szukaj\u0105 wi\u0119kszych wra\u017ce\u0144 i niezale\u017cno\u015bci. Wyposa\u017cony w nowoczesne technologie i solidn\u0105 konstrukcj\u0119, ten rowerek zapewnia bezpieczn\u0105 i ekscytuj\u0105c\u0105 jazd\u0119 na ka\u017cdej nawierzchni.<\/p>\n","protected":false},"featured_media":8076,"comment_status":"closed","ping_status":"closed","template":"","meta":{"_acf_changed":false},"product_cat":[30],"product_tag":[],"acf":[],"_links":{"self":[{"href":"https:\/\/motokid.com\/pl\/wp-json\/wp\/v2\/product\/7822"}],"collection":[{"href":"https:\/\/motokid.com\/pl\/wp-json\/wp\/v2\/product"}],"about":[{"href":"https:\/\/motokid.com\/pl\/wp-json\/wp\/v2\/types\/product"}],"replies":[{"embeddable":true,"href":"https:\/\/motokid.com\/pl\/wp-json\/wp\/v2\/comments?post=7822"}],"wp:featuredmedia":[{"embeddable":true,"href":"https:\/\/motokid.com\/pl\/wp-json\/wp\/v2\/media\/8076"}],"wp:attachment":[{"href":"https:\/\/motokid.com\/pl\/wp-json\/wp\/v2\/media?parent=7822"}],"wp:term":[{"taxonomy":"product_cat","embeddable":true,"href":"https:\/\/motokid.com\/pl\/wp-json\/wp\/v2\/product_cat?post=7822"},{"taxonomy":"product_tag","embeddable":true,"href":"https:\/\/motokid.com\/pl\/wp-json\/wp\/v2\/product_tag?post=7822"}],"curies":[{"name":"wp","href":"https:\/\/api.w.org\/{rel}","templated":true}]}}