{"id":7797,"date":"2024-07-03T09:52:06","date_gmt":"2024-07-03T07:52:06","guid":{"rendered":"https:\/\/motokid.com\/?post_type=product&#038;p=7797"},"modified":"2026-04-01T10:19:54","modified_gmt":"2026-04-01T08:19:54","slug":"motokid-12-rowerek-biegowy-elektryczny","status":"publish","type":"product","link":"https:\/\/motokid.com\/pl\/produkt\/motokid-12-rowerek-biegowy-elektryczny\/","title":{"rendered":"Motokid 12\u2033 &#8211; rowerek biegowy elektryczny"},"content":{"rendered":"[vc_row type=&#8221;in_container&#8221; full_screen_row_position=&#8221;middle&#8221; column_margin=&#8221;default&#8221; equal_height=&#8221;yes&#8221; content_placement=&#8221;middle&#8221; column_direction=&#8221;default&#8221; column_direction_tablet=&#8221;default&#8221; column_direction_phone=&#8221;default&#8221; scene_position=&#8221;center&#8221; bottom_padding=&#8221;2%&#8221; text_color=&#8221;dark&#8221; text_align=&#8221;left&#8221; row_border_radius=&#8221;none&#8221; row_border_radius_applies=&#8221;bg&#8221; overflow=&#8221;visible&#8221; overlay_strength=&#8221;0.3&#8243; gradient_direction=&#8221;left_to_right&#8221; shape_divider_position=&#8221;bottom&#8221; bg_image_animation=&#8221;none&#8221; gradient_type=&#8221;default&#8221; shape_type=&#8221;&#8221;][vc_column column_padding=&#8221;no-extra-padding&#8221; column_padding_tablet=&#8221;inherit&#8221; column_padding_phone=&#8221;inherit&#8221; column_padding_position=&#8221;all&#8221; column_element_direction_desktop=&#8221;default&#8221; column_element_spacing=&#8221;default&#8221; desktop_text_alignment=&#8221;default&#8221; tablet_text_alignment=&#8221;default&#8221; phone_text_alignment=&#8221;default&#8221; background_color_opacity=&#8221;1&#8243; background_hover_color_opacity=&#8221;1&#8243; column_backdrop_filter=&#8221;none&#8221; column_shadow=&#8221;none&#8221; column_border_radius=&#8221;none&#8221; column_link_target=&#8221;_self&#8221; column_position=&#8221;default&#8221; gradient_direction=&#8221;left_to_right&#8221; overlay_strength=&#8221;0.3&#8243; width=&#8221;2\/5&#8243; tablet_width_inherit=&#8221;default&#8221; animation_type=&#8221;default&#8221; bg_image_animation=&#8221;none&#8221; border_type=&#8221;simple&#8221; column_border_width=&#8221;none&#8221; column_border_style=&#8221;solid&#8221;][nectar_cascading_images image_1_url=&#8221;8089&#8243; image_1_offset_x_sign=&#8221;+&#8221; image_1_offset_x=&#8221;0%&#8221; image_1_offset_y_sign=&#8221;+&#8221; image_1_offset_y=&#8221;0%&#8221; image_1_rotate_sign=&#8221;+&#8221; image_1_rotate=&#8221;none&#8221; image_1_scale=&#8221;1&#8243; image_1_animation=&#8221;Fade In&#8221; image_1_padding=&#8221;auto&#8221; image_1_box_shadow=&#8221;none&#8221; image_1_max_width_desktop=&#8221;100%&#8221; image_1_max_width_mobile=&#8221;100%&#8221; image_1_image_width_mobile=&#8221;default&#8221; image_2_offset_x_sign=&#8221;+&#8221; image_2_offset_x=&#8221;0%&#8221; image_2_offset_y_sign=&#8221;+&#8221; image_2_offset_y=&#8221;0%&#8221; image_2_rotate_sign=&#8221;+&#8221; image_2_rotate=&#8221;none&#8221; image_2_scale=&#8221;1&#8243; image_2_animation=&#8221;Fade In&#8221; image_2_padding=&#8221;auto&#8221; image_2_box_shadow=&#8221;none&#8221; image_2_max_width_desktop=&#8221;100%&#8221; image_2_max_width_mobile=&#8221;100%&#8221; image_2_image_width_mobile=&#8221;default&#8221; image_3_offset_x_sign=&#8221;+&#8221; image_3_offset_x=&#8221;0%&#8221; image_3_offset_y_sign=&#8221;+&#8221; image_3_offset_y=&#8221;0%&#8221; image_3_rotate_sign=&#8221;+&#8221; image_3_rotate=&#8221;none&#8221; image_3_scale=&#8221;1&#8243; image_3_animation=&#8221;Fade In&#8221; image_3_padding=&#8221;auto&#8221; image_3_box_shadow=&#8221;none&#8221; image_3_max_width_desktop=&#8221;100%&#8221; image_3_max_width_mobile=&#8221;100%&#8221; image_3_image_width_mobile=&#8221;default&#8221; image_4_offset_x_sign=&#8221;+&#8221; image_4_offset_x=&#8221;0%&#8221; image_4_offset_y_sign=&#8221;+&#8221; image_4_offset_y=&#8221;0%&#8221; image_4_rotate_sign=&#8221;+&#8221; image_4_rotate=&#8221;none&#8221; image_4_scale=&#8221;1&#8243; image_4_animation=&#8221;Fade In&#8221; image_4_padding=&#8221;auto&#8221; image_4_box_shadow=&#8221;none&#8221; image_4_max_width_desktop=&#8221;100%&#8221; image_4_max_width_mobile=&#8221;100%&#8221; image_4_image_width_mobile=&#8221;default&#8221; element_sizing=&#8221;default&#8221; image_loading=&#8221;default&#8221; border_radius=&#8221;none&#8221; overflow=&#8221;visible&#8221;][\/vc_column][vc_column column_padding=&#8221;no-extra-padding&#8221; column_padding_tablet=&#8221;inherit&#8221; column_padding_phone=&#8221;inherit&#8221; column_padding_position=&#8221;all&#8221; column_element_direction_desktop=&#8221;default&#8221; column_element_spacing=&#8221;default&#8221; desktop_text_alignment=&#8221;default&#8221; tablet_text_alignment=&#8221;default&#8221; phone_text_alignment=&#8221;default&#8221; background_color_opacity=&#8221;1&#8243; background_hover_color_opacity=&#8221;1&#8243; column_backdrop_filter=&#8221;none&#8221; column_shadow=&#8221;none&#8221; column_border_radius=&#8221;none&#8221; column_link_target=&#8221;_self&#8221; column_position=&#8221;default&#8221; gradient_direction=&#8221;left_to_right&#8221; overlay_strength=&#8221;0.3&#8243; width=&#8221;3\/5&#8243; tablet_width_inherit=&#8221;default&#8221; animation_type=&#8221;default&#8221; bg_image_animation=&#8221;none&#8221; border_type=&#8221;simple&#8221; column_border_width=&#8221;none&#8221; column_border_style=&#8221;solid&#8221;][split_line_heading animation_type=&#8221;line-reveal-by-space&#8221; font_style=&#8221;h2&#8243; line_reveal_by_space_text_effect=&#8221;none&#8221; content_alignment=&#8221;default&#8221; mobile_content_alignment=&#8221;inherit&#8221; link_target=&#8221;_self&#8221; text_content=&#8221;Elektryczny rowerek biegowy Motokid 12&#8222;&#8221;][\/split_line_heading][vc_column_text]Motokid 12\u2033 to rewolucyjny rowerek biegowy z nap\u0119dem elektrycznym, stworzony specjalnie dla maluch\u00f3w w wieku od 3 lat. Jego lekka i wytrzyma\u0142a konstrukcja wykonana z wysokiej jako\u015bci aluminium zapewnia maksymaln\u0105 stabilno\u015b\u0107 i bezpiecze\u0144stwo podczas nauki jazdy. Zintegrowany nap\u0119d elektryczny umo\u017cliwia regulacj\u0119 pr\u0119dko\u015bci, co pozwala na dostosowanie tempa jazdy do umiej\u0119tno\u015bci dziecka, zapewniaj\u0105c jednocze\u015bnie dodatkowe wsparcie przy pokonywaniu wzniesie\u0144 i d\u0142u\u017cszych tras.<\/p>\n<p>Rowerek biegowy elektryczny Motokid 12\u2033 jest wyposa\u017cony w intuicyjne systemy hamowania, kt\u00f3re gwarantuj\u0105 natychmiastowe zatrzymanie w razie potrzeby oraz ergonomiczne siode\u0142ko, kt\u00f3re mo\u017cna \u0142atwo dostosowa\u0107 do wzrostu dziecka. Dzi\u0119ki atrakcyjnemu designowi i kolorystyce, Motokid 12\u2033 przyci\u0105ga uwag\u0119 maluch\u00f3w, zach\u0119caj\u0105c je do aktywnej zabawy na \u015bwie\u017cym powietrzu. \u0141atwe \u0142adowanie baterii sprawia, \u017ce rowerek jest zawsze gotowy do kolejnych przyg\u00f3d.[\/vc_column_text][\/vc_column][\/vc_row][vc_row type=&#8221;in_container&#8221; full_screen_row_position=&#8221;middle&#8221; column_margin=&#8221;default&#8221; equal_height=&#8221;yes&#8221; content_placement=&#8221;middle&#8221; column_direction=&#8221;default&#8221; column_direction_tablet=&#8221;default&#8221; column_direction_phone=&#8221;default&#8221; scene_position=&#8221;center&#8221; bottom_padding=&#8221;3%&#8221; text_color=&#8221;dark&#8221; text_align=&#8221;left&#8221; row_border_radius=&#8221;none&#8221; row_border_radius_applies=&#8221;bg&#8221; overflow=&#8221;visible&#8221; overlay_strength=&#8221;0.3&#8243; gradient_direction=&#8221;left_to_right&#8221; shape_divider_position=&#8221;bottom&#8221; bg_image_animation=&#8221;none&#8221; gradient_type=&#8221;default&#8221; shape_type=&#8221;&#8221;][vc_column column_padding=&#8221;no-extra-padding&#8221; column_padding_tablet=&#8221;inherit&#8221; column_padding_phone=&#8221;inherit&#8221; column_padding_position=&#8221;all&#8221; column_element_direction_desktop=&#8221;default&#8221; column_element_spacing=&#8221;default&#8221; desktop_text_alignment=&#8221;default&#8221; tablet_text_alignment=&#8221;default&#8221; phone_text_alignment=&#8221;default&#8221; background_color_opacity=&#8221;1&#8243; background_hover_color_opacity=&#8221;1&#8243; column_backdrop_filter=&#8221;none&#8221; column_shadow=&#8221;none&#8221; column_border_radius=&#8221;none&#8221; column_link_target=&#8221;_self&#8221; column_position=&#8221;default&#8221; gradient_direction=&#8221;left_to_right&#8221; overlay_strength=&#8221;0.3&#8243; width=&#8221;1\/2&#8243; tablet_width_inherit=&#8221;default&#8221; animation_type=&#8221;default&#8221; bg_image_animation=&#8221;none&#8221; border_type=&#8221;simple&#8221; column_border_width=&#8221;none&#8221; column_border_style=&#8221;solid&#8221;][split_line_heading animation_type=&#8221;line-reveal-by-space&#8221; font_style=&#8221;h2&#8243; line_reveal_by_space_text_effect=&#8221;none&#8221; content_alignment=&#8221;default&#8221; mobile_content_alignment=&#8221;inherit&#8221; link_target=&#8221;_self&#8221; text_content=&#8221;Dlaczego warto wybra\u0107 Motokid 12&#8222;?&#8221;][\/split_line_heading][vc_column_text]<strong>Zaawansowana technologia:<\/strong><\/p>\n<ul>\n<li><strong>Silnik bezszczotkowy 250W, <b data-stringify-type=\"bold\">umieszczony w pia\u015bcie tylnego ko\u0142a<\/b><\/strong>: Silnik o du\u017cej mocy i cichej pracy zapewnia p\u0142ynne przyspieszanie oraz wysok\u0105 wydajno\u015b\u0107. Regulowana pr\u0119dko\u015b\u0107 pozwala dostosowa\u0107 rowerek do umiej\u0119tno\u015bci dziecka.<\/li>\n<\/ul>\n<p><strong>Niezawodna bateria:<\/strong><\/p>\n<ul>\n<li><strong>Wytrzyma\u0142a bateria 24V 5.2AH<\/strong>: Zapewnia wiele godzin nieprzerwanej zabawy. Dzi\u0119ki systemowi szybkiego \u0142adowania, bateria jest w pe\u0142ni na\u0142adowana w oko\u0142o 2 godziny i zapewnia 2-6 godzin zabawy (w zale\u017cno\u015bci od pr\u0119dko\u015bci, wagi u\u017cytkownika, nawierzchni i temperatury).<\/li>\n<\/ul>\n[\/vc_column_text][\/vc_column][vc_column column_padding=&#8221;no-extra-padding&#8221; column_padding_tablet=&#8221;inherit&#8221; column_padding_phone=&#8221;inherit&#8221; column_padding_position=&#8221;all&#8221; column_element_direction_desktop=&#8221;default&#8221; column_element_spacing=&#8221;default&#8221; desktop_text_alignment=&#8221;default&#8221; tablet_text_alignment=&#8221;default&#8221; phone_text_alignment=&#8221;default&#8221; background_color_opacity=&#8221;1&#8243; background_hover_color_opacity=&#8221;1&#8243; column_backdrop_filter=&#8221;none&#8221; column_shadow=&#8221;none&#8221; column_border_radius=&#8221;none&#8221; column_link_target=&#8221;_self&#8221; column_position=&#8221;default&#8221; gradient_direction=&#8221;left_to_right&#8221; overlay_strength=&#8221;0.3&#8243; width=&#8221;1\/2&#8243; tablet_width_inherit=&#8221;default&#8221; animation_type=&#8221;default&#8221; bg_image_animation=&#8221;none&#8221; border_type=&#8221;simple&#8221; column_border_width=&#8221;none&#8221; column_border_style=&#8221;solid&#8221;][image_with_animation image_url=&#8221;8127&#8243; image_size=&#8221;full&#8221; animation_type=&#8221;entrance&#8221; animation=&#8221;None&#8221; animation_movement_type=&#8221;transform_y&#8221; hover_animation=&#8221;none&#8221; alignment=&#8221;&#8221; border_radius=&#8221;none&#8221; box_shadow=&#8221;none&#8221; image_loading=&#8221;default&#8221; max_width=&#8221;100%&#8221; max_width_mobile=&#8221;default&#8221;][\/vc_column][\/vc_row][vc_row type=&#8221;in_container&#8221; full_screen_row_position=&#8221;middle&#8221; column_margin=&#8221;default&#8221; equal_height=&#8221;yes&#8221; content_placement=&#8221;middle&#8221; column_direction=&#8221;default&#8221; column_direction_tablet=&#8221;default&#8221; column_direction_phone=&#8221;default&#8221; scene_position=&#8221;center&#8221; text_color=&#8221;dark&#8221; text_align=&#8221;left&#8221; row_border_radius=&#8221;none&#8221; row_border_radius_applies=&#8221;bg&#8221; overflow=&#8221;visible&#8221; overlay_strength=&#8221;0.3&#8243; gradient_direction=&#8221;left_to_right&#8221; shape_divider_position=&#8221;bottom&#8221; bg_image_animation=&#8221;none&#8221; gradient_type=&#8221;default&#8221; shape_type=&#8221;&#8221;][vc_column column_padding=&#8221;no-extra-padding&#8221; column_padding_tablet=&#8221;inherit&#8221; column_padding_phone=&#8221;inherit&#8221; column_padding_position=&#8221;all&#8221; column_element_direction_desktop=&#8221;default&#8221; column_element_spacing=&#8221;default&#8221; desktop_text_alignment=&#8221;default&#8221; tablet_text_alignment=&#8221;default&#8221; phone_text_alignment=&#8221;default&#8221; background_color_opacity=&#8221;1&#8243; background_hover_color_opacity=&#8221;1&#8243; column_backdrop_filter=&#8221;none&#8221; column_shadow=&#8221;none&#8221; column_border_radius=&#8221;none&#8221; column_link_target=&#8221;_self&#8221; column_position=&#8221;default&#8221; gradient_direction=&#8221;left_to_right&#8221; overlay_strength=&#8221;0.3&#8243; width=&#8221;1\/2&#8243; tablet_width_inherit=&#8221;default&#8221; animation_type=&#8221;default&#8221; bg_image_animation=&#8221;none&#8221; border_type=&#8221;simple&#8221; column_border_width=&#8221;none&#8221; column_border_style=&#8221;solid&#8221;][image_with_animation image_url=&#8221;8125&#8243; image_size=&#8221;full&#8221; animation_type=&#8221;entrance&#8221; animation=&#8221;None&#8221; animation_movement_type=&#8221;transform_y&#8221; hover_animation=&#8221;none&#8221; alignment=&#8221;&#8221; border_radius=&#8221;none&#8221; box_shadow=&#8221;none&#8221; image_loading=&#8221;default&#8221; max_width=&#8221;100%&#8221; max_width_mobile=&#8221;default&#8221;][\/vc_column][vc_column column_padding=&#8221;no-extra-padding&#8221; column_padding_tablet=&#8221;inherit&#8221; column_padding_phone=&#8221;inherit&#8221; column_padding_position=&#8221;all&#8221; column_element_direction_desktop=&#8221;default&#8221; column_element_spacing=&#8221;default&#8221; desktop_text_alignment=&#8221;default&#8221; tablet_text_alignment=&#8221;default&#8221; phone_text_alignment=&#8221;default&#8221; background_color_opacity=&#8221;1&#8243; background_hover_color_opacity=&#8221;1&#8243; column_backdrop_filter=&#8221;none&#8221; column_shadow=&#8221;none&#8221; column_border_radius=&#8221;none&#8221; column_link_target=&#8221;_self&#8221; column_position=&#8221;default&#8221; gradient_direction=&#8221;left_to_right&#8221; overlay_strength=&#8221;0.3&#8243; width=&#8221;1\/2&#8243; tablet_width_inherit=&#8221;default&#8221; animation_type=&#8221;default&#8221; bg_image_animation=&#8221;none&#8221; border_type=&#8221;simple&#8221; column_border_width=&#8221;none&#8221; column_border_style=&#8221;solid&#8221;][split_line_heading animation_type=&#8221;line-reveal-by-space&#8221; font_style=&#8221;h2&#8243; line_reveal_by_space_text_effect=&#8221;none&#8221; content_alignment=&#8221;default&#8221; mobile_content_alignment=&#8221;inherit&#8221; link_target=&#8221;_self&#8221; text_content=&#8221;Bezpiecze\u0144stwo i komfort&#8221;][\/split_line_heading][vc_column_text]<strong>Najwy\u017csze bezpiecze\u0144stwo:<\/strong><\/p>\n<ul>\n<li><b data-stringify-type=\"bold\">Tylny hamulec tarczowy<\/b><strong>:<\/strong> Gwarantuje szybkie zatrzymanie, zapewniaj\u0105c bezpiecze\u0144stwo dziecka w ka\u017cdej sytuacji. Bezpiecze\u0144stwo jest naszym priorytetem!<\/li>\n<li><strong><b data-stringify-type=\"bold\">Funkcja KICK START<\/b>:<\/strong> Aby uruchomi\u0107 silnik nale\u017cy najpierw odepchn\u0105\u0107 si\u0119 nog\u0105, co zapobiega niekontrolowanym startom. (Funkcj\u0119 t\u0119 mo\u017cna wy\u0142\u0105czy\u0107)<\/li>\n<\/ul>\n<p><strong>Niesamowity komfort:<\/strong><\/p>\n<ul>\n<li><b data-stringify-type=\"bold\">Dwa rodzaje peg\u00f3w w zestawie<\/b>: Plastikowe &#8211; dla pocz\u0105tkuj\u0105cych oraz Metalowe, sk\u0142adane &#8211; dla zaawansowanych.<\/li>\n<li><strong>Ergonomiczne siode\u0142ko i kierownica<\/strong>: Mo\u017cliwo\u015b\u0107 \u0142atwej regulacji wysoko\u015bci siode\u0142ka pozwala na dostosowanie rowerka do wzrostu dziecka, co zapewnia komfortow\u0105 i bezpieczn\u0105 jazd\u0119. Nasz rowerek ro\u015bnie razem z Twoim dzieckiem!<\/li>\n<\/ul>\n<p><strong>Ekologiczne rozwi\u0105zanie:<\/strong><\/p>\n<ul>\n<li><b data-stringify-type=\"bold\"><strong>Przyjazny dla \u015brodowiska: <\/strong><\/b>Elektryczny nap\u0119d zmniejsza emisj\u0119 spalin i ha\u0142as, przyczyniaj\u0105c si\u0119 do ochrony \u015brodowiska. Wybieraj\u0105c Motokid 12\u2033, uczysz swoje dziecko dba\u0142o\u015bci o nasz\u0105 planet\u0119.<\/li>\n<\/ul>\n[\/vc_column_text][\/vc_column][\/vc_row]\n","protected":false},"excerpt":{"rendered":"<p><strong>Najni\u017csza cena z 30 dni przed obni\u017ck\u0105:\u00a0<span class=\"woocommerce-Price-amount amount\"><bdi>2499,00 <span class=\"woocommerce-Price-currencySymbol\">z\u0142<\/span><\/bdi><\/span><\/strong><\/p>\n<p>Witamy w \u015bwiecie nowoczesnej przygody na dw\u00f3ch ko\u0142ach! Motokid 12&#8243; to rowerek biegowy z nap\u0119dem elektrycznym, idealny dla najm\u0142odszych dzieci, kt\u00f3re dopiero zaczynaj\u0105 swoj\u0105 przygod\u0119 na dw\u00f3ch k\u00f3\u0142kach. Zaprojektowany z my\u015bl\u0105 o bezpiecze\u0144stwie i komforcie, nasz rowerek oferuje stabilno\u015b\u0107, \u0142atw\u0105 obs\u0142ug\u0119 i nowoczesne technologie, kt\u00f3re wspomagaj\u0105 nauk\u0119 jazdy.<\/p>\n","protected":false},"featured_media":8078,"comment_status":"closed","ping_status":"closed","template":"","meta":{"_acf_changed":false},"product_cat":[30],"product_tag":[],"acf":[],"_links":{"self":[{"href":"https:\/\/motokid.com\/pl\/wp-json\/wp\/v2\/product\/7797"}],"collection":[{"href":"https:\/\/motokid.com\/pl\/wp-json\/wp\/v2\/product"}],"about":[{"href":"https:\/\/motokid.com\/pl\/wp-json\/wp\/v2\/types\/product"}],"replies":[{"embeddable":true,"href":"https:\/\/motokid.com\/pl\/wp-json\/wp\/v2\/comments?post=7797"}],"wp:featuredmedia":[{"embeddable":true,"href":"https:\/\/motokid.com\/pl\/wp-json\/wp\/v2\/media\/8078"}],"wp:attachment":[{"href":"https:\/\/motokid.com\/pl\/wp-json\/wp\/v2\/media?parent=7797"}],"wp:term":[{"taxonomy":"product_cat","embeddable":true,"href":"https:\/\/motokid.com\/pl\/wp-json\/wp\/v2\/product_cat?post=7797"},{"taxonomy":"product_tag","embeddable":true,"href":"https:\/\/motokid.com\/pl\/wp-json\/wp\/v2\/product_tag?post=7797"}],"curies":[{"name":"wp","href":"https:\/\/api.w.org\/{rel}","templated":true}]}}