{"id":7712,"date":"2024-07-02T12:08:43","date_gmt":"2024-07-02T10:08:43","guid":{"rendered":"https:\/\/motokid.com\/?page_id=7712"},"modified":"2024-08-01T11:23:33","modified_gmt":"2024-08-01T09:23:33","slug":"dostawa-i-platnosci","status":"publish","type":"page","link":"https:\/\/motokid.com\/pl\/dostawa-i-platnosci\/","title":{"rendered":"Dostawa i p\u0142atno\u015bci"},"content":{"rendered":"\n<h2 class=\"wp-block-heading\">Metody p\u0142atno\u015bci<\/h2>\n\n\n\n<p>W naszym sklepie akceptujemy nast\u0119puj\u0105ce formy p\u0142atno\u015bci, z kt\u00f3rych mog\u0105 Pa\u0144stwo skorzysta\u0107:<\/p>\n\n\n\n<h3 class=\"wp-block-heading\">1. Przedp\u0142ata na konto przelewem standardowym<\/h3>\n\n\n\n<p>Wykonaj zam\u00f3wienie, a potem wp\u0142a\u0107 pieni\u0105dze na nasze konto. Po ich zaksi\u0119gowaniu wysy\u0142amy zam\u00f3wione produkty. Wp\u0142ata na nasze konto przelewem realizowanym w banku, okienku pocztowym, b\u0105d\u017a przez konto internetowe.<\/p>\n\n\n\n<p><strong>Dane do przelewu:<\/strong><br>Numer konta:&nbsp;<strong>78 1050 1559 1000 0090 8214 2507<\/strong>&nbsp;(Rachunek bankowy ING)<br>Gut Media Sp. z o.o.<br>ul. Sienna 9<br>70-542 Szczecin<\/p>\n\n\n\n<h3 class=\"wp-block-heading\">2. P\u0142atno\u015b\u0107 za pobraniem<\/h3>\n\n\n\n<p>Za dokonane zam\u00f3wienie zap\u0142acisz dopiero podczas odbioru przesy\u0142ki. Nale\u017cno\u015b\u0107 za przesy\u0142k\u0119 zostanie pobrana przez listonosza, b\u0105d\u017a kuriera.<\/p>\n\n\n\n<h3 class=\"wp-block-heading\">3. Szybkie p\u0142atno\u015bci iMoje<\/h3>\n\n\n\n<p>P\u0142atno\u015bci realizowane we wsp\u00f3\u0142pracy z firm\u0105 ING. Umo\u017cliwiaj\u0105 niemal natychmiastowe op\u0142acenie zam\u00f3wienia z konta osobistego lub za pomoc\u0105 karty kredytowej. Us\u0142uga wsp\u00f3\u0142pracuje praktycznie ze wszystkimi bankami funkcjonuj\u0105cymi na terenie naszego kraju.<\/p>\n\n\n\n<h3 class=\"wp-block-heading\">4. P\u0142atno\u015b\u0107 Blik\u2019iem<\/h3>\n\n\n\n<p>BLIK to system p\u0142atno\u015bci, kt\u00f3ry umo\u017cliwia u\u017cytkownikom smartfon\u00f3w wygodne i szybkie realizowanie wszystkiego rodzaju transakcji. Korzysta\u0107 mog\u0105 z niego wszyscy, kt\u00f3rzy posiadaj\u0105 w urz\u0105dzeniu mobilnym aplikacj\u0119 swojego banku.<\/p>\n\n\n\n<p>Aby zrealizowa\u0107 p\u0142atno\u015b\u0107 za po\u015brednictwem systemu BLIK, w trakcie transakcji przeprowadzanej w panelu danego sklepu internetowego wybieramy opcj\u0119 \u201ep\u0142atno\u015b\u0107 BLIK\u201d. Czynno\u015b\u0107 ta powinna spowodowa\u0107 pojawienie si\u0119 przed nami pustego pola, w kt\u00f3re nale\u017cy wpisa\u0107 sze\u015bciocyfrowy kod. Wchodzimy w aplikacj\u0119 naszego banku, a nast\u0119pnie \u2013 zgodnie ze wskaz\u00f3wkami \u2013 przepisujemy wygenerowany w niej kod. Po wszystkim klikamy \u201ezap\u0142a\u0107\u201d i potwierdzamy p\u0142atno\u015b\u0107 wpisuj\u0105c w telefonie kod PIN.<\/p>\n\n\n\n<h3 class=\"wp-block-heading\"><img loading=\"lazy\" decoding=\"async\" src=\"https:\/\/soniczne.bartgdev.pl\/wp-content\/uploads\/2024\/05\/blik.png-1024x285.webp\" alt=\"\" width=\"1024\" height=\"285\" srcset=\"https:\/\/soniczne.bartgdev.pl\/wp-content\/uploads\/2024\/05\/blik.png-1024x285.webp 1024w, https:\/\/soniczne.bartgdev.pl\/wp-content\/uploads\/2024\/05\/blik.png-600x167.webp 600w, https:\/\/soniczne.bartgdev.pl\/wp-content\/uploads\/2024\/05\/blik.png-768x213.webp 768w, https:\/\/soniczne.bartgdev.pl\/wp-content\/uploads\/2024\/05\/blik.png-640x178.webp 640w, https:\/\/soniczne.bartgdev.pl\/wp-content\/uploads\/2024\/05\/blik.png-400x111.webp 400w\"><\/h3>\n\n\n\n<h2 class=\"wp-block-heading\">Metody dostawy oraz czas realizacji zam\u00f3wienia<\/h2>\n\n\n\n<p>Dostawy zam\u00f3wionych towar\u00f3w realizowane s\u0105 za po\u015brednictwem firm kurierskich. Dbamy o czas naszych klient\u00f3w dlatego przesy\u0142ki wysy\u0142ane s\u0105 priorytetem.<\/p>\n\n\n\n<p>Poni\u017cej znajduje si\u0119 spis form dostawy oraz koszt\u00f3w:<\/p>\n\n\n\n<p><strong>Kurier DHL<\/strong> &#8211;  <strong>15 z\u0142<\/strong><\/p>\n\n\n\n<p><strong>Kurier DHL<\/strong> <strong>Pobranie <\/strong>&#8211;  <strong>20 z\u0142<\/strong><\/p>\n\n\n\n<p><strong>Darmowa wysy\u0142ka<\/strong> &#8211; zam\u00f3wienie od kwoty <strong>500 z\u0142<\/strong><\/p>\n","protected":false},"excerpt":{"rendered":"<p>Metody p\u0142atno\u015bci W naszym sklepie akceptujemy nast\u0119puj\u0105ce formy p\u0142atno\u015bci, z kt\u00f3rych mog\u0105 Pa\u0144stwo skorzysta\u0107: 1. Przedp\u0142ata na konto przelewem standardowym Wykonaj zam\u00f3wienie, a potem wp\u0142a\u0107 pieni\u0105dze na nasze konto. Po&#8230;<\/p>\n","protected":false},"author":1,"featured_media":0,"parent":0,"menu_order":0,"comment_status":"closed","ping_status":"closed","template":"","meta":{"_acf_changed":false,"footnotes":""},"acf":[],"_links":{"self":[{"href":"https:\/\/motokid.com\/pl\/wp-json\/wp\/v2\/pages\/7712"}],"collection":[{"href":"https:\/\/motokid.com\/pl\/wp-json\/wp\/v2\/pages"}],"about":[{"href":"https:\/\/motokid.com\/pl\/wp-json\/wp\/v2\/types\/page"}],"author":[{"embeddable":true,"href":"https:\/\/motokid.com\/pl\/wp-json\/wp\/v2\/users\/1"}],"replies":[{"embeddable":true,"href":"https:\/\/motokid.com\/pl\/wp-json\/wp\/v2\/comments?post=7712"}],"version-history":[{"count":8,"href":"https:\/\/motokid.com\/pl\/wp-json\/wp\/v2\/pages\/7712\/revisions"}],"predecessor-version":[{"id":8067,"href":"https:\/\/motokid.com\/pl\/wp-json\/wp\/v2\/pages\/7712\/revisions\/8067"}],"wp:attachment":[{"href":"https:\/\/motokid.com\/pl\/wp-json\/wp\/v2\/media?parent=7712"}],"curies":[{"name":"wp","href":"https:\/\/api.w.org\/{rel}","templated":true}]}}