{"id":3,"date":"2023-10-05T13:22:37","date_gmt":"2023-10-05T11:22:37","guid":{"rendered":"https:\/\/motokid.com\/?page_id=3"},"modified":"2024-07-08T14:24:38","modified_gmt":"2024-07-08T12:24:38","slug":"polityka-prywatnosci","status":"publish","type":"page","link":"https:\/\/motokid.com\/pl\/polityka-prywatnosci\/","title":{"rendered":"Polityka prywatno\u015bci"},"content":{"rendered":"\n<h2 class=\"wp-block-heading has-text-align-center\">WWW.MOTOKID.COM<\/h2>\n\n\n\n<p class=\"has-text-align-center\"><strong>\u00a7 1<\/strong><\/p>\n\n\n\n<p class=\"has-text-align-center\"><strong>POSTANOWIENIA OG\u00d3LNE<\/strong><\/p>\n\n\n\n<ol>\n<li>Administratorem danych osobowych zbieranych za po\u015brednictwem Sklepu internetowego www.motokid.com jest&nbsp;<strong>GUT MEDIA sp\u00f3\u0142ka z ograniczon\u0105 odpowiedzialno\u015bci\u0105<\/strong>&nbsp;wpisana do rejestru przedsi\u0119biorc\u00f3w przez S\u0105d Rejonowy Szczecin-Centrum w Szczecinie, XIII Wydzia\u0142 Gospodarczy Krajowego Rejestru S\u0105dowego pod numerem KRS: 0000494415, kapita\u0142 zak\u0142adowy: 5.000 z\u0142, miejsce wykonywania dzia\u0142alno\u015bci: ul. Sienna 9, 70-542 Szczecin, oraz adres do dor\u0119cze\u0144:&nbsp;ul. \u0141ukasi\u0144skiego 110, 71-215 Szczecin, NIP: 8513173460, REGON: 321469760, adres poczty elektronicznej (e-mail):&nbsp;kontakt@motokid.com, numer telefonu: +48 797 797 806, zwana dalej \u201eAdministratorem\u201d i b\u0119d\u0105ca jednocze\u015bnie \u201eUs\u0142ugodawc\u0105\u201d.<\/li>\n\n\n\n<li>Dane osobowe zbierane przez Administratora za po\u015brednictwem strony internetowej s\u0105 przetwarzane zgodnie z&nbsp;Rozporz\u0105dzeniem Parlamentu Europejskiego i&nbsp;Rady (UE) 2016\/679 z&nbsp;dnia 27 kwietnia 2016 r. w&nbsp;sprawie ochrony os\u00f3b fizycznych w&nbsp;zwi\u0105zku z&nbsp;przetwarzaniem danych osobowych i&nbsp;w sprawie swobodnego przep\u0142ywu takich danych oraz uchylenia dyrektywy 95\/46\/WE (og\u00f3lne rozporz\u0105dzenie o&nbsp;ochronie danych), zwane dalej RODO.<\/li>\n\n\n\n<li>Wszelkie wyrazy lub wyra\u017cenia pisane w tre\u015bci niniejszej Polityki Prywatno\u015bci z du\u017cej litery nale\u017cy rozumie\u0107 zgodnie z ich definicj\u0105 zawart\u0105 w Regulaminie Sklepu internetowego www.motokid.com.<\/li>\n<\/ol>\n\n\n\n<p class=\"has-text-align-center\"><strong>\u00a7 2<\/strong><\/p>\n\n\n\n<p class=\"has-text-align-center\"><strong>RODZAJ PRZETWARZANYCH DANYCH OSOBOWYCH, CEL I ZAKRES ZBIERANIA DANYCH<\/strong><\/p>\n\n\n\n<ol>\n<li><strong>CEL PRZETWARZANIA I PODSTAWA PRAWNA<\/strong>. Administrator przetwarza dane osobowe Us\u0142ugobiorc\u00f3w Sklepu www.motokid.com w przypadku:\n<ul>\n<li>rejestracji Konta w&nbsp;Sklepie, w&nbsp;celu utworzenia indywidualnego konta i&nbsp;zarz\u0105dzania tym Kontem, na podstawie art. 6 ust. 1 lit. b) RODO (realizacja umowy o \u015bwiadczenie us\u0142ugi drog\u0105 elektroniczn\u0105 zgodnie z&nbsp;Regulaminem Sklepu),<\/li>\n\n\n\n<li>sk\u0142adania zam\u00f3wienia w&nbsp;Sklepie, w&nbsp;celu wykonania umowy sprzeda\u017cy, na podstawie art. 6 ust. 1 lit. b) RODO (realizacja umowy sprzeda\u017cy).<\/li>\n<\/ul>\n<\/li>\n\n\n\n<li><strong>RODZAJ PRZETWARZANYCH DANYCH OSOBOWYCH<\/strong>. Us\u0142ugobiorca podaje, w przypadku:\n<ul>\n<li><strong>Konta<\/strong>: imi\u0119 i nazwisko, login, adres, adres e-mail.<\/li>\n\n\n\n<li><strong>Zam\u00f3wienia<\/strong>: imi\u0119 i nazwisko, adres, NIP, adres e-mail, numer telefonu.<\/li>\n<\/ul>\n<\/li>\n\n\n\n<li><strong>OKRES ARCHIWIZACJI DANYCH OSOBOWYCH<\/strong>. Dane osobowe Us\u0142ugobiorc\u00f3w przechowywane s\u0105 przez Administratora:\n<ul>\n<li>w przypadku, gdy podstaw\u0105 przetwarzania danych jest wykonanie umowy, tak d\u0142ugo, jak jest to niezb\u0119dne do wykonania umowy, a&nbsp;po tym czasie przez okres odpowiadaj\u0105cy okresowi przedawnienia roszcze\u0144. Je\u017celi przepis szczeg\u00f3lny nie stanowi inaczej, termin przedawnienia wynosi lat sze\u015b\u0107, a&nbsp;dla roszcze\u0144 o&nbsp;\u015bwiadczenia okresowe oraz roszcze\u0144 zwi\u0105zanych z&nbsp;prowadzeniem dzia\u0142alno\u015bci gospodarczej \u2013 trzy lata.<\/li>\n\n\n\n<li>w przypadku, gdy podstaw\u0105 przetwarzania danych jest zgoda, tak d\u0142ugo, a\u017c zgoda nie zostanie odwo\u0142ana, a&nbsp;po odwo\u0142aniu zgody przez okres czasu odpowiadaj\u0105cy okresowi przedawnienia roszcze\u0144 jakie mo\u017ce podnosi\u0107 Administrator i&nbsp;jakie mog\u0105 by\u0107 podnoszone wobec niego. Je\u017celi przepis szczeg\u00f3lny nie stanowi inaczej, termin przedawnienia wynosi lat sze\u015b\u0107, a&nbsp;dla roszcze\u0144 o&nbsp;\u015bwiadczenia okresowe oraz roszcze\u0144 zwi\u0105zanych z&nbsp;prowadzeniem dzia\u0142alno\u015bci gospodarczej \u2013 trzy lata.<\/li>\n<\/ul>\n<\/li>\n\n\n\n<li>Podczas korzystania ze Sklepu mog\u0105 by\u0107 pobierane dodatkowe informacje, w&nbsp;szczeg\u00f3lno\u015bci: adres IP przypisany do komputera Us\u0142ugobiorcy lub zewn\u0119trzny adres IP dostawcy Internetu, nazwa domeny, rodzaj przegl\u0105darki, czas dost\u0119pu, typ systemu operacyjnego.<\/li>\n\n\n\n<li>Po wyra\u017ceniu odr\u0119bnej zgody, na podstawie art. 6 ust. 1 lit. a) RODO dane mog\u0105 by\u0107 przetwarzane r\u00f3wnie\u017c w celu przesy\u0142ania informacji handlowych drog\u0105 elektroniczn\u0105 lub wykonywania telefonicznych po\u0142\u0105cze\u0144 w celu marketingu bezpo\u015bredniego \u2013 odpowiednio w zwi\u0105zku z art. 10 ust. 2 Ustawy z dnia 18 lipca 2002 roku o \u015bwiadczeniu us\u0142ug drog\u0105 elektroniczn\u0105 lub art. 172 ust. 1 Ustawy z dnia 16 lipca 2004 roku \u2013 Prawo Telekomunikacyjne, w tym kierowanych w wyniku profilowania, o ile Us\u0142ugobiorca wyrazi\u0142 stosown\u0105 zgod\u0119.<\/li>\n\n\n\n<li>Od Us\u0142ugobiorc\u00f3w mog\u0105 by\u0107 tak\u017ce gromadzone dane nawigacyjne, w&nbsp;tym informacje o&nbsp;linkach i&nbsp;odno\u015bnikach, w&nbsp;kt\u00f3re zdecyduj\u0105 si\u0119 klikn\u0105\u0107 lub innych czynno\u015bciach, podejmowanych w Sklepie. Podstaw\u0105 prawn\u0105 tego rodzaju czynno\u015bci jest prawnie uzasadniony interes Administratora (art. 6 ust. 1 lit. f RODO), polegaj\u0105cy na u\u0142atwieniu korzystania z&nbsp;us\u0142ug \u015bwiadczonych drog\u0105 elektroniczn\u0105 oraz na poprawie funkcjonalno\u015bci tych us\u0142ug.<\/li>\n\n\n\n<li>Podanie danych osobowych przez Us\u0142ugobiorc\u0119 jest dobrowolne.<\/li>\n\n\n\n<li>Administrator dok\u0142ada szczeg\u00f3lnej staranno\u015bci w celu ochrony interes\u00f3w os\u00f3b, kt\u00f3rych dane dotycz\u0105, a w szczeg\u00f3lno\u015bci zapewnia, \u017ce zbierane przez niego dane s\u0105:\n<ul>\n<li>przetwarzane zgodnie z prawem,<\/li>\n\n\n\n<li>zbierane dla oznaczonych, zgodnych z prawem cel\u00f3w i niepoddawane dalszemu przetwarzaniu niezgodnemu z tymi celami,<\/li>\n\n\n\n<li>merytorycznie poprawne i adekwatne w stosunku do cel\u00f3w, w jakich s\u0105 przetwarzane oraz przechowywane w postaci umo\u017cliwiaj\u0105cej identyfikacj\u0119 os\u00f3b, kt\u00f3rych dotycz\u0105, nie d\u0142u\u017cej ni\u017c jest to niezb\u0119dne do osi\u0105gni\u0119cia celu przetwarzania.<\/li>\n<\/ul>\n<\/li>\n<\/ol>\n\n\n\n<p class=\"has-text-align-center\"><strong>\u00a7 3<\/strong><\/p>\n\n\n\n<p class=\"has-text-align-center\"><strong>UDOST\u0118PNIENIE DANYCH OSOBOWYCH<\/strong><\/p>\n\n\n\n<ol>\n<li>Dane osobowe Us\u0142ugobiorc\u00f3w przekazywane s\u0105 dostawcom us\u0142ug, z&nbsp;kt\u00f3rych korzysta Administrator przy prowadzeniu Sklepu, a w szczeg\u00f3lno\u015bci do:\n<ul>\n<li>podmiot\u00f3w realizuj\u0105cych dostaw\u0119 Produkt\u00f3w,<\/li>\n\n\n\n<li>dostawc\u00f3w system\u00f3w p\u0142atno\u015bci,<\/li>\n\n\n\n<li>biura ksi\u0119gowego,<\/li>\n\n\n\n<li>hostingodawcy,<\/li>\n\n\n\n<li>dostawcy oprogramowania umo\u017cliwiaj\u0105cego prowadzenie dzia\u0142alno\u015bci,<\/li>\n\n\n\n<li>podmiot\u00f3w zapewniaj\u0105cych system mailingowy,<\/li>\n\n\n\n<li>dostawcy oprogramowania potrzebnego do prowadzenia sklepu internetowego.<\/li>\n<\/ul>\n<\/li>\n\n\n\n<li>Dostawcy us\u0142ug, o kt\u00f3rych mowa w pkt 1 niniejszego paragrafu, kt\u00f3rym przekazywane s\u0105 dane osobowe, w&nbsp;zale\u017cno\u015bci od uzgodnie\u0144 umownych i&nbsp;okoliczno\u015bci, albo podlegaj\u0105 poleceniom Administratora co do cel\u00f3w i&nbsp;sposob\u00f3w przetwarzania tych danych (podmioty przetwarzaj\u0105ce) albo samodzielnie okre\u015blaj\u0105 cele i&nbsp;sposoby ich przetwarzania (administratorzy).<\/li>\n\n\n\n<li>Dane osobowe Us\u0142ugobiorc\u00f3w s\u0105 przechowywane wy\u0142\u0105cznie na terenie Europejskiego Obszaru Gospodarczego (EOG), z&nbsp;zastrze\u017ceniem \u00a75 pkt 5 oraz \u00a76 Polityki Prywatno\u015bci.<\/li>\n<\/ol>\n\n\n\n<p class=\"has-text-align-center\"><strong>\u00a7 4<\/strong><\/p>\n\n\n\n<p class=\"has-text-align-center\"><strong>PRAWO KONTROLI, DOST\u0118PU DO TRE\u015aCI W\u0141ASNYCH DANYCH ORAZ ICH POPRAWIANIA<\/strong><\/p>\n\n\n\n<ol>\n<li>Osoba, kt\u00f3rej dane dotycz\u0105, ma prawo dost\u0119pu do tre\u015bci swoich danych osobowych oraz prawo ich sprostowania, usuni\u0119cia, ograniczenia przetwarzania, prawo do przenoszenia danych, prawo wniesienia sprzeciwu, prawo do cofni\u0119cia zgody w dowolnym momencie bez wp\u0142ywu na zgodno\u015b\u0107 z prawem przetwarzania, kt\u00f3rego dokonano na podstawie zgody przed jej cofni\u0119ciem.<\/li>\n\n\n\n<li>Podstawy prawne \u017c\u0105dania Us\u0142ugobiorcy:\n<ul>\n<li><strong>Dost\u0119p do danych<\/strong>&nbsp;\u2013 art. 15 RODO.<\/li>\n\n\n\n<li><strong>Sprostowanie danych<\/strong>&nbsp;\u2013 art. 16 RODO.<\/li>\n\n\n\n<li><strong>Usuni\u0119cie danych (tzw. prawo do bycia zapomnianym)<\/strong>&nbsp;\u2013 art. 17 RODO.<\/li>\n\n\n\n<li><strong>Ograniczenie przetwarzania<\/strong>&nbsp;\u2013 art. 18 RODO.<\/li>\n\n\n\n<li><strong>Przeniesienie danych<\/strong>&nbsp;\u2013 art. 20 RODO.<\/li>\n\n\n\n<li><strong>Sprzeciw<\/strong>&nbsp;\u2013 art. 21 RODO<\/li>\n\n\n\n<li><strong>Cofni\u0119cie zgody<\/strong>&nbsp;\u2013 art. 7 ust. 3 RODO.<\/li>\n<\/ul>\n<\/li>\n\n\n\n<li>W celu realizacji uprawnie\u0144, o kt\u00f3rych mowa w pkt 2 mo\u017cna wys\u0142a\u0107 stosown\u0105 wiadomo\u015b\u0107 e-mail na adres:&nbsp;<strong>kontakt@motokid.com<\/strong><\/li>\n\n\n\n<li>W sytuacji wyst\u0105pienia przez Us\u0142ugobiorc\u0119 z&nbsp;uprawnieniem wynikaj\u0105cym z&nbsp;powy\u017cszych praw, Administrator spe\u0142nia \u017c\u0105danie albo odmawia jego spe\u0142nienia niezw\u0142ocznie, nie p\u00f3\u017aniej jednak ni\u017c w&nbsp;ci\u0105gu miesi\u0105ca po jego otrzymaniu. Je\u017celi jednak \u2013 z&nbsp;uwagi na skomplikowany charakter \u017c\u0105dania lub liczb\u0119 \u017c\u0105da\u0144 \u2013 Administrator nie b\u0119dzie m\u00f3g\u0142 spe\u0142ni\u0107 \u017c\u0105dania w&nbsp;ci\u0105gu miesi\u0105ca, spe\u0142ni je w&nbsp;ci\u0105gu kolejnych dw\u00f3ch miesi\u0119cy informuj\u0105c Us\u0142ugobiorc\u0119 uprzednio w&nbsp;terminie miesi\u0105ca od otrzymania \u017c\u0105dania \u2013 o&nbsp;zamierzonym przed\u0142u\u017ceniu terminu oraz jego przyczynach.<\/li>\n\n\n\n<li>W przypadku stwierdzenia, \u017ce przetwarzanie danych osobowych narusza przepisy RODO, osoba, kt\u00f3rej dane dotycz\u0105, ma prawo wnie\u015b\u0107 skarg\u0119 do Prezesa Urz\u0119du Ochrony Danych Osobowych.<\/li>\n<\/ol>\n\n\n\n<p class=\"has-text-align-center\"><strong>\u00a7 5<\/strong><\/p>\n\n\n\n<p class=\"has-text-align-center\"><strong>PLIKI \u201eCOOKIES\u201d<\/strong><\/p>\n\n\n\n<ol>\n<li>Strona Administratora&nbsp;u\u017cywa plik\u00f3w&nbsp;\u201ecookies\u201d.<\/li>\n\n\n\n<li>Instalacja plik\u00f3w \u201ecookies\u201d jest konieczna do prawid\u0142owego \u015bwiadczenia us\u0142ug na stronie internetowej Sklepu. W plikach \u201ecookies\u201d znajduj\u0105 si\u0119 informacje niezb\u0119dne do prawid\u0142owego funkcjonowania strony, a tak\u017ce daj\u0105 one tak\u017ce mo\u017cliwo\u015b\u0107 opracowywania og\u00f3lnych statystyk odwiedzin strony internetowej.<\/li>\n\n\n\n<li>W ramach strony stosowane s\u0105 dwa rodzaje plik\u00f3w \u201ecookies\u201d: \u201esesyjne\u201d oraz \u201esta\u0142e\u201d.\n<ul>\n<li>\u201eCookies\u201d \u201esesyjne\u201d s\u0105 plikami tymczasowymi, kt\u00f3re przechowywane s\u0105 w urz\u0105dzeniu ko\u0144cowym Us\u0142ugobiorcy do czasu wylogowania (opuszczenia strony).<\/li>\n\n\n\n<li>\u201eSta\u0142e\u201d pliki \u201ecookies\u201d przechowywane s\u0105 w urz\u0105dzeniu ko\u0144cowym Us\u0142ugobiorcy przez czas okre\u015blony w parametrach plik\u00f3w \u201ecookies\u201d lub do czasu ich usuni\u0119cia przez Us\u0142ugobiorc\u0119.<\/li>\n<\/ul>\n<\/li>\n\n\n\n<li>Administrator wykorzystuje w\u0142asne pliki cookies w celu lepszego poznania sposobu interakcji Us\u0142ugobiorc\u00f3w w zakresie zawarto\u015bci strony. Pliki gromadz\u0105 informacje o sposobie korzystania ze strony internetowej przez Us\u0142ugobiorc\u0119, typie strony, z jakiej Us\u0142ugobiorca zosta\u0142 przekierowany oraz liczbie odwiedzin i czasie wizyty Us\u0142ugobiorcy na stronie internetowej. Informacje te nie rejestruj\u0105 konkretnych danych osobowych Us\u0142ugobiorcy, lecz s\u0142u\u017c\u0105 do opracowania statystyk korzystania ze strony.<\/li>\n\n\n\n<li>Administrator wykorzystuje zewn\u0119trzne pliki cookies w celu zbierania og\u00f3lnych i&nbsp;anonimowych danych statycznych za po\u015brednictwem narz\u0119dzi analitycznych Google Analytics (administrator cookies zewn\u0119trznego: Google Inc. z&nbsp;siedzib\u0105 w&nbsp;USA).<\/li>\n\n\n\n<li>Pliki cookies mog\u0105 by\u0107 r\u00f3wnie\u017c wykorzystywane przez sieci reklamowe, w szczeg\u00f3lno\u015bci sie\u0107 Google, w celu wy\u015bwietlania reklam dopasowanych do sposobu, w jaki Us\u0142ugobiorca korzysta ze Sklepu. W tym celu mog\u0105 zachowa\u0107 informacj\u0119 o \u015bcie\u017cce nawigacji Us\u0142ugobiorcy lub czasie pozostawania na danej stronie.<\/li>\n\n\n\n<li>Us\u0142ugobiorca ma prawo zadecydowania w zakresie dost\u0119pu plik\u00f3w \u201ecookies\u201d do swojego komputera poprzez ich uprzedni wyb\u00f3r w oknie swojej przegl\u0105darki. &nbsp;Szczeg\u00f3\u0142owe informacje o mo\u017cliwo\u015bci i sposobach obs\u0142ugi plik\u00f3w \u201ecookies\u201d dost\u0119pne s\u0105 w ustawieniach oprogramowania (przegl\u0105darki internetowej).<\/li>\n<\/ol>\n\n\n\n<p class=\"has-text-align-center\"><strong>\u00a7 6<\/strong><\/p>\n\n\n\n<p class=\"has-text-align-center\"><strong>US\u0141UGI DODATKOWE ZWI\u0104ZANE Z AKTYWNO\u015aCI\u0104 U\u017bYTKOWNIKA W SKLEPIE<\/strong><\/p>\n\n\n\n<ol>\n<li>W Sklepie wykorzystywane s\u0105 tzw. wtyczki spo\u0142eczno\u015bciowe (\u201ewtyczki\u201c) serwis\u00f3w spo\u0142eczno\u015bciowych.&nbsp;Wy\u015bwietlaj\u0105c stron\u0119 internetow\u0105 www.motokid.com, zawieraj\u0105c\u0105 tak\u0105 wtyczk\u0119, przegl\u0105darka Us\u0142ugobiorcy nawi\u0105\u017ce bezpo\u015brednie po\u0142\u0105czenie z serwerami Facebook oraz YouTube.<\/li>\n\n\n\n<li>Zawarto\u015b\u0107 wtyczki jest przekazywana przez danego us\u0142ugodawc\u0119 bezpo\u015brednio do przegl\u0105darki Us\u0142ugobiorcy i integrowana ze stron\u0105. Dzi\u0119ki tej integracji, us\u0142ugodawcy otrzymuj\u0105 informacj\u0119, \u017ce przegl\u0105darka Us\u0142ugobiorcy wy\u015bwietli\u0142a stron\u0119 www.motokid.com, nawet je\u015bli Us\u0142ugobiorca nie posiada profilu u danego us\u0142ugodawcy, czy nie jest u niego akurat zalogowany. Taka informacja (wraz z adresem IP Us\u0142ugobiorcy) jest przesy\u0142ana przez przegl\u0105dark\u0119 bezpo\u015brednio do serwera danego us\u0142ugodawcy (niekt\u00f3re serwery znajduj\u0105 si\u0119 w USA) i tam przechowywana.<\/li>\n\n\n\n<li>Je\u015bli Us\u0142ugobiorca zaloguje si\u0119 do jednego z powy\u017cszych serwis\u00f3w spo\u0142eczno\u015bciowych, to us\u0142ugodawca ten b\u0119dzie m\u00f3g\u0142 bezpo\u015brednio przyporz\u0105dkowa\u0107 wizyt\u0119 na stronie www.motokid.com do profilu Us\u0142ugobiorcy w danym serwisie spo\u0142eczno\u015bciowym.<\/li>\n\n\n\n<li>Je\u015bli Us\u0142ugobiorca u\u017cyje danej wtyczki, np. klikaj\u0105c na przycisk \u201eLubi\u0119 to\u201d lub przycisk \u201eUdost\u0119pnij\u201d, to odpowiednia informacja zostanie r\u00f3wnie\u017c przes\u0142ana bezpo\u015brednio na serwer danego us\u0142ugodawcy i tam zachowana.<\/li>\n\n\n\n<li>Cel i zakres gromadzenia danych oraz ich dalszego przetwarzania i wykorzystania przez us\u0142ugodawc\u00f3w, jak r\u00f3wnie\u017c mo\u017cliwo\u015b\u0107 kontaktu oraz prawa Us\u0142ugobiorcy w tym zakresie i mo\u017cliwo\u015b\u0107 dokonania ustawie\u0144 zapewniaj\u0105cych ochron\u0119 prywatno\u015bci Us\u0142ugobiorcy zosta\u0142y opisane w polityce prywatno\u015bci us\u0142ugodawc\u00f3w:\n<ul>\n<li>https:\/\/www.facebook.com\/policy.php<\/li>\n\n\n\n<li>https:\/\/policies.google.com\/privacy?hl=pl&amp;gl=ZZ.<\/li>\n<\/ul>\n<\/li>\n\n\n\n<li>Je\u015bli Us\u0142ugobiorca nie chce, aby serwisy spo\u0142eczno\u015bciowe przyporz\u0105dkowywa\u0142y dane zebrane w trakcie odwiedzin na stronie www.motokid.com bezpo\u015brednio jego profilowi w danym serwisie, to przed wizyt\u0105 na stronie www.motokid.com musi wylogowa\u0107 si\u0119 z tego serwisu. Us\u0142ugobiorca mo\u017ce r\u00f3wnie\u017c ca\u0142kowicie uniemo\u017cliwi\u0107 za\u0142adowanie na stronie wtyczek stosuj\u0105c odpowiednie rozszerzenia dla przegl\u0105darki, np. blokowanie skrypt\u00f3w za pomoc\u0105 \u201eNoScript\u201c.<\/li>\n\n\n\n<li>Administrator wykorzystuje na swojej stronie narz\u0119dzia remarketingowe tj. Google AdWords, wi\u0105\u017ce si\u0119 to z wykorzystywaniem plik\u00f3w cookies firmy Google LLC dotycz\u0105cych us\u0142ugi Google AdWords. W ramach mechanizmu do zarz\u0105dzania ustawieniami plik\u00f3w cookies Us\u0142ugobiorca ma mo\u017cliwo\u015b\u0107 zdecydowania, czy Us\u0142ugodawca b\u0119dzie m\u00f3g\u0142 korzysta\u0107 z Google AdWords (administrator cookies zewn\u0119trznego: Google Inc. z siedzib\u0105 w USA) w stosunku do niego.<\/li>\n<\/ol>\n\n\n\n<p class=\"has-text-align-center\"><strong>\u00a7 7<\/strong><\/p>\n\n\n\n<p class=\"has-text-align-center\"><strong>POSTANOWIENIA KO\u0143COWE<\/strong><\/p>\n\n\n\n<ol>\n<li>Administrator stosuje \u015brodki techniczne i organizacyjne zapewniaj\u0105ce ochron\u0119 przetwarzanych danych osobowych odpowiedni\u0105 do zagro\u017ce\u0144 oraz kategorii danych obj\u0119tych ochron\u0105, a w szczeg\u00f3lno\u015bci zabezpiecza dane przed ich udost\u0119pnieniem osobom nieupowa\u017cnionym, zabraniem przez osob\u0119 nieuprawnion\u0105, przetwarzaniem z naruszeniem obowi\u0105zuj\u0105cych przepis\u00f3w oraz zmian\u0105, utrat\u0105, uszkodzeniem lub zniszczeniem.<\/li>\n\n\n\n<li>Administrator udost\u0119pnia odpowiednie \u015brodki techniczne zapobiegaj\u0105ce pozyskiwaniu i modyfikowaniu przez osoby nieuprawnione, danych osobowych przesy\u0142anych drog\u0105 elektroniczn\u0105.<\/li>\n\n\n\n<li>W sprawach nieuregulowanych niniejsz\u0105 Polityk\u0105 prywatno\u015bci stosuje si\u0119 odpowiednio przepisy RODO oraz inne w\u0142a\u015bciwe przepisy prawa polskiego.<\/li>\n<\/ol>\n","protected":false},"excerpt":{"rendered":"<p>WWW.MOTOKID.COM \u00a7 1 POSTANOWIENIA OG\u00d3LNE \u00a7 2 RODZAJ PRZETWARZANYCH DANYCH OSOBOWYCH, CEL I ZAKRES ZBIERANIA DANYCH \u00a7 3 UDOST\u0118PNIENIE DANYCH OSOBOWYCH \u00a7 4 PRAWO KONTROLI, DOST\u0118PU DO TRE\u015aCI W\u0141ASNYCH DANYCH&#8230;<\/p>\n","protected":false},"author":1,"featured_media":0,"parent":0,"menu_order":0,"comment_status":"closed","ping_status":"open","template":"","meta":{"_acf_changed":false,"footnotes":""},"acf":[],"_links":{"self":[{"href":"https:\/\/motokid.com\/pl\/wp-json\/wp\/v2\/pages\/3"}],"collection":[{"href":"https:\/\/motokid.com\/pl\/wp-json\/wp\/v2\/pages"}],"about":[{"href":"https:\/\/motokid.com\/pl\/wp-json\/wp\/v2\/types\/page"}],"author":[{"embeddable":true,"href":"https:\/\/motokid.com\/pl\/wp-json\/wp\/v2\/users\/1"}],"replies":[{"embeddable":true,"href":"https:\/\/motokid.com\/pl\/wp-json\/wp\/v2\/comments?post=3"}],"version-history":[{"count":6,"href":"https:\/\/motokid.com\/pl\/wp-json\/wp\/v2\/pages\/3\/revisions"}],"predecessor-version":[{"id":7847,"href":"https:\/\/motokid.com\/pl\/wp-json\/wp\/v2\/pages\/3\/revisions\/7847"}],"wp:attachment":[{"href":"https:\/\/motokid.com\/pl\/wp-json\/wp\/v2\/media?parent=3"}],"curies":[{"name":"wp","href":"https:\/\/api.w.org\/{rel}","templated":true}]}}