{"id":10,"date":"2024-07-02T11:59:09","date_gmt":"2024-07-02T09:59:09","guid":{"rendered":"https:\/\/motokid.com\/?page_id=10"},"modified":"2024-07-02T15:18:57","modified_gmt":"2024-07-02T13:18:57","slug":"zwroty-i-reklamacje","status":"publish","type":"page","link":"https:\/\/motokid.com\/pl\/zwroty-i-reklamacje\/","title":{"rendered":"Zwroty i reklamacje"},"content":{"rendered":"\n<h2 class=\"wp-block-heading\">Zwrot\/odst\u0105pienie od umowy<\/h2>\n\n\n\n<p>Zgodnie z przepisami masz 14 dni na odst\u0119pienie od zakupu licz\u0105c od momentu otrzymania towaru. Nie musisz podawa\u0107 powodu zwrotu (odst\u0105pienia).<\/p>\n\n\n\n<p>Wype\u0142nij&nbsp;<a href=\"https:\/\/denthelp.pl\/media\/docs\/formularz-zwrotu.pdf\" target=\"_blank\" rel=\"noreferrer noopener\">FORMULARZ<\/a>&nbsp;i wy\u015blij go ze zwracanym produktem oraz orygina\u0142em paragonu (lub faktury) na adres:<\/p>\n\n\n\n<p>Gut Media Sp. z o.o.<\/p>\n\n\n\n<p>ul. \u0141ukasi\u0144skiego 110<\/p>\n\n\n\n<p>71-215 Szczecin<\/p>\n\n\n\n<p><strong>WA\u017bNE INFORMACJE:<\/strong><\/p>\n\n\n\n<ul>\n<li>Wi\u0119kszo\u015b\u0107 naszego asortymentu to \u015brodki i urz\u0105dzenia s\u0142u\u017c\u0105ce do higieny osobistej. Przyjmujemy zwroty produkt\u00f3w pod warunkiem, \u017ce nie naruszono oryginalnego opakowania zabezpieczaj\u0105cego. Zgodnie z prawem zwrotowi nie podlegaj\u0105 produkty, kt\u00f3re s\u0105 dostarczane w zapiecz\u0119towanym opakowaniu, je\u017celi opakowanie zosta\u0142o otwarte. Nie mo\u017cna zwr\u00f3ci\u0107 ich ze wzgl\u0119du na ochron\u0119 zdrowia lub ze wzgl\u0119d\u00f3w higienicznych, je\u017celi opakowanie zosta\u0142o otwarte po dostarczeniu.<\/li>\n\n\n\n<li>Prawo do zwrotu przys\u0142uguje wy\u0142\u0105cznie Konsumentom. Zgodnie z prawem, mo\u017cliwo\u015b\u0107 zwrotu nie przys\u0142uguje podmiotom prawnym i osobom prowadz\u0105cym dzia\u0142alno\u015b\u0107 gospodarcz\u0105, je\u017celi produkt zosta\u0142 zakupiony na potrzeby firmy.<\/li>\n\n\n\n<li>Prosimy o do\u0142\u0105czenie orygina\u0142u dowodu zakupu.<\/li>\n\n\n\n<li>Termin zwrotu p\u0142atno\u015bci wynosi od 1 do 14 dni od daty otrzymania zwrotu.<\/li>\n\n\n\n<li>Nie odbieramy zwrot\u00f3w oraz przesy\u0142ek wysy\u0142anych \u201eza pobraniem\u201d.<\/li>\n\n\n\n<li>Zwrotu dokonuje si\u0119 na w\u0142asny koszt, kt\u00f3ry nie podlega zwrotowi.<\/li>\n<\/ul>\n\n\n\n<p><strong>B\u0142\u0119dny produkt lub braki w przesy\u0142ce<\/strong><\/p>\n\n\n\n<p>Je\u017celi przy realizacji Twojego zam\u00f3wienia dosz\u0142o do pomy\u0142ki napisz do nas na adres:&nbsp;kontakt@denthelp.pl<\/p>\n\n\n\n<p>W wiadomo\u015bci warto przekaza\u0107 informacje dotycz\u0105ce:<\/p>\n\n\n\n<ul>\n<li>Numeru zam\u00f3wienia<\/li>\n\n\n\n<li>Numeru listu przewozowego<\/li>\n\n\n\n<li>Opisu sytuacji<\/li>\n<\/ul>\n","protected":false},"excerpt":{"rendered":"<p>Zwrot\/odst\u0105pienie od umowy Zgodnie z przepisami masz 14 dni na odst\u0119pienie od zakupu licz\u0105c od momentu otrzymania towaru. Nie musisz podawa\u0107 powodu zwrotu (odst\u0105pienia). Wype\u0142nij&nbsp;FORMULARZ&nbsp;i wy\u015blij go ze zwracanym produktem&#8230;<\/p>\n","protected":false},"author":1,"featured_media":0,"parent":0,"menu_order":0,"comment_status":"closed","ping_status":"closed","template":"","meta":{"_acf_changed":false,"footnotes":""},"acf":[],"_links":{"self":[{"href":"https:\/\/motokid.com\/pl\/wp-json\/wp\/v2\/pages\/10"}],"collection":[{"href":"https:\/\/motokid.com\/pl\/wp-json\/wp\/v2\/pages"}],"about":[{"href":"https:\/\/motokid.com\/pl\/wp-json\/wp\/v2\/types\/page"}],"author":[{"embeddable":true,"href":"https:\/\/motokid.com\/pl\/wp-json\/wp\/v2\/users\/1"}],"replies":[{"embeddable":true,"href":"https:\/\/motokid.com\/pl\/wp-json\/wp\/v2\/comments?post=10"}],"version-history":[{"count":2,"href":"https:\/\/motokid.com\/pl\/wp-json\/wp\/v2\/pages\/10\/revisions"}],"predecessor-version":[{"id":7761,"href":"https:\/\/motokid.com\/pl\/wp-json\/wp\/v2\/pages\/10\/revisions\/7761"}],"wp:attachment":[{"href":"https:\/\/motokid.com\/pl\/wp-json\/wp\/v2\/media?parent=10"}],"curies":[{"name":"wp","href":"https:\/\/api.w.org\/{rel}","templated":true}]}}